{"id":250,"date":"2025-12-18T12:57:12","date_gmt":"2025-12-18T11:57:12","guid":{"rendered":"https:\/\/cms-api.tapect.io\/de\/?page_id=250"},"modified":"2025-12-19T10:14:38","modified_gmt":"2025-12-19T09:14:38","slug":"about-us","status":"publish","type":"page","link":"https:\/\/cms-api.tapect.io\/de\/about-us\/","title":{"rendered":"About Us"},"content":{"rendered":"","protected":false},"excerpt":{"rendered":"","protected":false},"author":4,"featured_media":0,"parent":0,"menu_order":0,"comment_status":"closed","ping_status":"closed","template":"","meta":{"_acf_changed":false,"inline_featured_image":false,"footnotes":""},"class_list":["post-250","page","type-page","status-publish"],"acf":{"herobanner_":{"title":"Neue Verbindungen mit nahtloser","titlehighlight":"NFC Technologie","image":331},"contentwithimage":{"title":"Tapect Entwicklung","description":"Wir waren nie Fans traditioneller Visitenkarten aus Papier. Sie sind veraltet und erf\u00fcllen in der heutigen digitalen Welt nicht den Zweck. Als wir 2022 von einer Messe mit einem Stapel von \u00fcber 100 Papierkarten zur\u00fcckkehrten, erkannten wir die Ineffizienzen und verpassten Chancen. Deshalb haben wir Tapect entwickelt.","image":332},"ourmission":{"title":"Unsere Mission","description":"Unsere Mission ist es, die Vernetzung mit nahtloser NFC-Technologie zu revolutionieren und Papiervisitenkarten und die damit verbundene Umweltverschmutzung zu beseitigen. Wir setzen uns daf\u00fcr ein, berufliche Kontakte und Interaktionen zu verbessern, Nachhaltigkeit zu f\u00f6rdern und eine effizientere und umweltfreundlichere M\u00f6glichkeit f\u00fcr die Vernetzung im digitalen Zeitalter zu schaffen.","logos":[{"image":333,"logonumber":"2023","logotitle":"Gr\u00fcndungsjahr"},{"image":334,"logonumber":"2K","logotitle":"Zufriedene Kunden"},{"image":335,"logonumber":"500+","logotitle":""},{"image":336,"logonumber":"130+","logotitle":"weltweiter Versand"}],"bg-image":337},"wearehiring":{"title":"Wir freuen uns darauf, mit Menschen in Kontakt zu treten, die unsere Leidenschaft teilen und unsere vielf\u00e4ltige Kultur bereichern..","titlehighlight":"Kommen Sie zu uns \u2013 wir stellen ein!","buttontitle":"View All Openings","buttonurl":"https:\/\/www.tapect.de\/careers#job-openings"}},"_links":{"self":[{"href":"https:\/\/cms-api.tapect.io\/de\/wp-json\/wp\/v2\/pages\/250","targetHints":{"allow":["GET"]}}],"collection":[{"href":"https:\/\/cms-api.tapect.io\/de\/wp-json\/wp\/v2\/pages"}],"about":[{"href":"https:\/\/cms-api.tapect.io\/de\/wp-json\/wp\/v2\/types\/page"}],"author":[{"embeddable":true,"href":"https:\/\/cms-api.tapect.io\/de\/wp-json\/wp\/v2\/users\/4"}],"replies":[{"embeddable":true,"href":"https:\/\/cms-api.tapect.io\/de\/wp-json\/wp\/v2\/comments?post=250"}],"version-history":[{"count":3,"href":"https:\/\/cms-api.tapect.io\/de\/wp-json\/wp\/v2\/pages\/250\/revisions"}],"predecessor-version":[{"id":340,"href":"https:\/\/cms-api.tapect.io\/de\/wp-json\/wp\/v2\/pages\/250\/revisions\/340"}],"wp:attachment":[{"href":"https:\/\/cms-api.tapect.io\/de\/wp-json\/wp\/v2\/media?parent=250"}],"curies":[{"name":"wp","href":"https:\/\/api.w.org\/{rel}","templated":true}]}}