{"id":254,"date":"2025-12-18T12:57:38","date_gmt":"2025-12-18T11:57:38","guid":{"rendered":"https:\/\/cms-api.tapect.io\/de\/?page_id=254"},"modified":"2025-12-26T15:15:41","modified_gmt":"2025-12-26T14:15:41","slug":"careers","status":"publish","type":"page","link":"https:\/\/cms-api.tapect.io\/de\/careers\/","title":{"rendered":"Careers"},"content":{"rendered":"","protected":false},"excerpt":{"rendered":"","protected":false},"author":4,"featured_media":0,"parent":0,"menu_order":0,"comment_status":"closed","ping_status":"closed","template":"","meta":{"_acf_changed":false,"inline_featured_image":false,"footnotes":""},"class_list":["post-254","page","type-page","status-publish"],"acf":{"herobanner_":{"title":"Wir erfinden Visitenkarten f\u00fcr den modernen Berufst\u00e4tigen neu","image":282,"buttontitle":"Alle Offenen Stellen anzeigen","buttonurl":"https:\/\/www.tapect.de\/careers#job-openings"},"ourownteam":{"title":"Wir verbessern die Arbeit f\u00fcr Menschen, auch f\u00fcr uns selbst","description":"Bei tapect setzen wir uns daf\u00fcr ein, das Arbeitserlebnis f\u00fcr alle zu verbessern und eine kollaborative Umgebung zu schaffen, die sowohl unseren Kunden als auch unserem Team zugutekommt.","tabs":[{"logo":276,"logotitle":"Lebendiger Arbeitsplatz","logodescription":"Entdecken Sie einen lebendigen Arbeitsbereich bei Tapect, in dem Spa\u00df, Komfort und Inspiration nahtlos miteinander verschmelzen. Freuen Sie sich auf legere Kleiderordnung, entspannte Freitage und Unterhaltungsangebote!"},{"logo":277,"logotitle":"Learning Opportunity","logodescription":"Entdecken Sie bei Tapect endlose Lernm\u00f6glichkeiten mit Bildungssponsoring, Inhouse-Schulungen und einer Vielzahl von Entwicklungsprogrammen, um Ihre Karriere voranzutreiben."},{"logo":278,"logotitle":"Gesundheit und Wohlbefinden","logodescription":"Steigern Sie Ihr Potenzial mit unseren Wellness-Initiativen, darunter umfassende Beratungsdienste f\u00fcr berufliche, pers\u00f6nliche oder rechtliche Herausforderungen."}]},"benefits&perks":{"title":"Vorteile und","titlehighlight":"Zusatzleistungen","description":"Ihr Wohlbefinden und das Ihrer Familie stehen bei uns an erster Stelle. Daher \u00fcbernehmen wir bis zu 90 % der Eigenkosten und gew\u00e4hrleisten so eine umfassende Unterst\u00fctzung Ihrer Gesundheit.","tabs":[{"logoimage":412,"logo_title":"Krankenversicherung","logodescription":"Ihr Wohlbefinden und das Ihrer Familie stehen bei uns an erster Stelle. Daher \u00fcbernehmen wir bis zu 90 % der Eigenkosten und gew\u00e4hrleisten so eine umfassende Unterst\u00fctzung Ihrer Gesundheit."},{"logoimage":413,"logo_title":"Flexibles Arbeiten","logodescription":"Um Ihre Work-Life-Balance zu verbessern, passen wir uns mit flexiblen Arbeitszeiten Ihrem Zeitplan an, denn wenn es f\u00fcr Sie funktioniert, funktioniert es auch f\u00fcr uns!"},{"logoimage":414,"logo_title":"Bezahlter Urlaub","logodescription":"G\u00f6nnen Sie sich eine wohlverdiente Pause mit unserem bezahlten Urlaubsangebot, das darauf ausgelegt ist, die Work-Life-Balance zu verbessern und Ihre Produktivit\u00e4t und Ihr Wohlbefinden zu steigern."},{"logoimage":415,"logo_title":"Mitarbeiter-Weiterbildungsprogramm","logodescription":"Verbessern Sie Ihre berufliche Perspektive, nutzen Sie Wachstumsm\u00f6glichkeiten und bringen Sie Ihre Karriere voran \u2013 mit unserem unersch\u00fctterlichen Engagement f\u00fcr kontinuierliches Lernen und fundierte Schulungen."},{"logoimage":416,"logo_title":"5 Tage pro Woche","logodescription":"Sorgen Sie mit unserem 5-Tage-Plan f\u00fcr eine strukturierte Arbeitswoche, die auf optimale Produktivit\u00e4t und Best\u00e4ndigkeit ausgelegt ist und gleichzeitig f\u00fcr Ausgeglichenheit und Wohlbefinden sorgt."},{"logoimage":417,"logo_title":"Performance Rewards","logodescription":"Unser Performance-Rewards-Programm unterstreicht unser Engagement, Erfolge zu feiern, Mitarbeiter wertzusch\u00e4tzen, die Zusammenarbeit zu f\u00f6rdern und kontinuierliche Verbesserungen voranzutreiben."}]},"openpositions":{"title":"Open Positions at","titlehighlight":"Tapect","description":"Join our innovative team and contribute to redefining professional connectivity and collaboration."}},"_links":{"self":[{"href":"https:\/\/cms-api.tapect.io\/de\/wp-json\/wp\/v2\/pages\/254","targetHints":{"allow":["GET"]}}],"collection":[{"href":"https:\/\/cms-api.tapect.io\/de\/wp-json\/wp\/v2\/pages"}],"about":[{"href":"https:\/\/cms-api.tapect.io\/de\/wp-json\/wp\/v2\/types\/page"}],"author":[{"embeddable":true,"href":"https:\/\/cms-api.tapect.io\/de\/wp-json\/wp\/v2\/users\/4"}],"replies":[{"embeddable":true,"href":"https:\/\/cms-api.tapect.io\/de\/wp-json\/wp\/v2\/comments?post=254"}],"version-history":[{"count":4,"href":"https:\/\/cms-api.tapect.io\/de\/wp-json\/wp\/v2\/pages\/254\/revisions"}],"predecessor-version":[{"id":571,"href":"https:\/\/cms-api.tapect.io\/de\/wp-json\/wp\/v2\/pages\/254\/revisions\/571"}],"wp:attachment":[{"href":"https:\/\/cms-api.tapect.io\/de\/wp-json\/wp\/v2\/media?parent=254"}],"curies":[{"name":"wp","href":"https:\/\/api.w.org\/{rel}","templated":true}]}}