{"id":258,"date":"2025-12-18T12:58:04","date_gmt":"2025-12-18T11:58:04","guid":{"rendered":"https:\/\/cms-api.tapect.io\/de\/?page_id=258"},"modified":"2025-12-24T11:35:49","modified_gmt":"2025-12-24T10:35:49","slug":"features","status":"publish","type":"page","link":"https:\/\/cms-api.tapect.io\/de\/features\/","title":{"rendered":"Features"},"content":{"rendered":"","protected":false},"excerpt":{"rendered":"","protected":false},"author":4,"featured_media":0,"parent":0,"menu_order":0,"comment_status":"closed","ping_status":"closed","template":"","meta":{"_acf_changed":false,"inline_featured_image":false,"footnotes":""},"class_list":["post-258","page","type-page","status-publish"],"acf":{"herobanner":{"title":"Bringen Sie Ihr Networking mit Tapect auf die n\u00e4chste Ebene","titlehighlight":"","":"","description":"Entdecken Sie, wie die NFC-gest\u00fctzten digitalen Visitenkarten von Tapect das Networking vereinfachen. Geben Sie Ihre Kontaktdaten ganz einfach per Fingertipp weiter, beeindrucken Sie Ihre Kontakte und reduzieren Sie gleichzeitig den Papierm\u00fcll. Steigen Sie noch heute auf intelligenteres, umweltfreundlicheres Networking um!","buttontitle":"Jetzt loslegenButton ","buttonurl":"https:\/\/www.tapect.de\/product","image":303},"tabs":[{"title":"Kontaktverwaltung","description":"Organisieren, aktualisieren und verwalten Sie alle Ihre Kontakte m\u00fchelos auf einer zentralen Plattform.","image":304},{"title":"Scannen Sie physische Visitenkarten","description":"Scannen und digitalisieren Sie schnell physische Visitenkarten und f\u00fcgen Sie sie sofort Ihrer digitalen Kontaktliste hinzu.","image":305},{"title":"Profil anpassen","description":"Personalisieren Sie Ihr Profil ganz einfach, indem Sie Kontaktdaten aktualisieren, Links hinzuf\u00fcgen und Ihr Design anpassen.","image":306}],"performance":[{"title":"Blitzschnelle Leistung","description":"Mit Tapect k\u00f6nnen Sie Ihre Kontaktdaten sofort mit nur einem Fingertipp teilen. Genie\u00dfen Sie m\u00fcheloses, nahtloses Networking bei Veranstaltungen und Meetings und sorgen Sie f\u00fcr reibungslose und effiziente Verbindungen.\r\n\r\n&nbsp;","buttontitle":"Jetzt loslegen","buttonurl":"https:\/\/www.tapect.de\/product","image":307},{"title":"Verwalten Sie Ihre digitalen Karten m\u00fchelos","description":"Verwalten Sie alle Ihre digitalen Karten ganz einfach \u00fcber eine zentrale Plattform. Aktualisieren Sie Ihre Kontaktdaten, passen Sie das Design an Ihre Marke an und \u00fcberwachen Sie die Kartenaktivit\u00e4t in Echtzeit \u2013 so behalten Sie die volle Kontrolle \u00fcber Ihr Netzwerk und Ihre Verbindungen.","buttontitle":"Jetzt loslegen","buttonurl":"https:\/\/www.tapect.de\/product","image":308}],"product_showcase":{"title":"Entdecken Sie tapect","title_highlight":"L\u00f6sungen","description":"Entdecken Sie unser Sortiment an digitalen Visitenkarten aus hochwertigen Materialien wie PVC, Bambusholz und Metall. Optimieren Sie Ihr Networking mit umweltfreundlichen, stilvollen und langlebigen Optionen.","buttontitle":"Weitere Produkte anzeigen","buttonurl":"https:\/\/www.tapect.de\/product#products"},"managing":{"title":"Erweiterte Funktionen f\u00fcr Nahtlose Vernetzung","description":"Tapect-Karten bieten erweiterte Funktionen f\u00fcr nahtloses Networking. Dank NFC-Integration und QR-Technologie k\u00f6nnen Sie Ihre Kontaktdaten m\u00fchelos auf allen Ger\u00e4ten teilen. Unsere Karten sind ger\u00e4te\u00fcbergreifend kompatibel, benutzerfreundlich und helfen sogar bei der Lead-Generierung. Damit sind sie das ultimative Tool f\u00fcr den effizienten Ausbau Ihres Netzwerks.","tabs":[{"title":"Tapect-Karte","description":"Teilen Sie alle Ihre Kontaktdaten sofort mit nur einem Fingertipp. Ihre Tapect-Karte erm\u00f6glicht eine nahtlose Verbindung und gibt anderen sofortigen Zugriff auf die Informationen, die Sie teilen m\u00f6chten.","image":311},{"title":"Tapect-Konsole","description":"Verwalten und personalisieren Sie Ihre digitalen Visitenkarten m\u00fchelos \u00fcber eine zentrale Konsole. Aktualisieren Sie Details, verfolgen Sie die Nutzung und stellen Sie sicher, dass Ihre Karte immer die aktuellsten Informationen enth\u00e4lt.\r\n\r\n&nbsp;","image":312},{"title":"Tapect Mobile App","description":"Bleiben Sie auch unterwegs in Verbindung! Mit der mobilen Tapect-App k\u00f6nnen Sie Ihre Karte schnell teilen, Aktivit\u00e4ten \u00fcberwachen und Ihre Kontakte jederzeit und \u00fcberall verwalten.","image":313}],"centralisedmanagement":{"title":"Zentralisierte Verwaltung","titlehighlight":"Konsole","description":"Mit der zentralen Verwaltungskonsole von Tapect haben Sie die volle Kontrolle \u00fcber Ihre digitalen Visitenkarten. Aktualisieren Sie Ihre Kartendetails ganz einfach und passen Sie das Design an Ihre Marke an \u2013 alles \u00fcber ein praktisches, benutzerfreundliches Dashboard.","image":316,"list_items":[{"logo_image":496,"logo_title":"Massenaktualisierung"},{"logo_image":497,"logo_title":"CRM Integration"},{"logo_image":498,"logo_title":"Zentralisierte Kontakte"},{"logo_image":499,"logo_title":"Profildesign"}],"tabs":[{"title":"Anpassbares Kontaktformular","description":"W\u00e4hlen Sie mit unserem anpassbaren Kontaktformular aus, wie Sie Kontakte kn\u00fcpfen m\u00f6chten und welche Informationen erfasst werden sollen. So k\u00f6nnen Sie das Networking ganz nach Ihren individuellen Vorlieben gestalten.","image":318},{"title":"Einheitlicher Hub zur Lead-Verwaltung","description":"Mit unserem einheitlichen Hub zur Lead-Verwaltung k\u00f6nnen Sie alle Ihre Leads organisieren und \u00fcber ein einziges Dashboard abrufen. So verpassen Sie nie wieder eine Gelegenheit zur Nachverfolgung und Konvertierung.","image":319},{"title":"Einblicke und Analysen","description":"Verfolgen Sie die Netzwerkaktivit\u00e4ten Ihres Teams mit Echtzeitdaten mithilfe unserer Einblicke und Analysen und erhalten Sie wertvolle Kennzahlen zur Optimierung Ihrer Verbindungen und Leistung.","image":320},{"title":"Aktuelle Aktivit\u00e4ten verfolgen","description":"Sehen Sie anhand der aktuellen Updates, wie Ihr Team seine digitalen Karten verwendet hat, sodass Sie seine Aktivit\u00e4ten und sein Engagement m\u00fchelos verfolgen k\u00f6nnen.","image":321},{"title":"Einfache und problemlose Bestellung","description":"Erleben Sie eine einfache und problemlose Bestellung, w\u00e4hrend Ihr Unternehmen w\u00e4chst. Bestellen Sie schnell weitere Karten oder Ersatz f\u00fcr verlorene, damit Sie immer einsatzbereit sind.","image":322},{"title":"Teamgruppen verwalten","description":"Organisieren Sie Profile nach Team, B\u00fcro oder Region und weisen Sie Gruppenmanager zu, die sie beaufsichtigen. So stellen Sie eine reibungslose Verwaltung und Koordination in Ihrem Unternehmen sicher.","image":323},{"title":"Anpassbare Profilvorlagen","description":"Sorgen Sie mit anpassbaren Vorlagen f\u00fcr Konsistenz in allen Profilen und gew\u00e4hrleisten Sie so ein einheitliches und professionelles Erscheinungsbild f\u00fcr Ihr Team.\r\n\r\n&nbsp;","image":324},{"title":"Massenbearbeitung von Profilen","description":"Verwalten und aktualisieren Sie m\u00fchelos mehrere Profile gleichzeitig mit unserer Funktion zur Massenaktualisierung von Profilen. So sparen Sie Zeit und gew\u00e4hrleisten die Konsistenz in Ihrem Team.","image":325},{"title":"Karten neu zuweisen","description":"Wenn ein Mitarbeiter das Unternehmen verl\u00e4sst, verschwenden Sie seine digitale Karte nicht \u2013 weisen Sie sie einfach einem neuen Teammitglied zu und sorgen Sie f\u00fcr einen reibungslosen Betriebsablauf!\r\n\r\n&nbsp;","image":326}]}},"seamless_ordering_experience_":{"title":"M\u00fcheloser Bestellvorgang","description":"Wenn die Konzepte vorliegen, arbeiten wir sorgf\u00e4ltig am Design und perfektionieren jedes Detail, um es Ihrer Vision und Ihren Zielen anzupassen.","logoswithdescription":[{"logo":327,"logotitle":"Holen Sie sich Card Global","logodescription":"W\u00e4hlen Sie die gew\u00fcnschte Kartenmenge aus, legen Sie sie in den Warenkorb und schlie\u00dfen Sie den Bestellvorgang ab. Nach der Bestellung erhalten Sie eine Best\u00e4tigungs-E-Mail und k\u00f6nnen Ihr Tapect-Konto ganz einfach f\u00fcr einen reibungslosen Onboarding-Prozess einrichten!"},{"logo":328,"logotitle":"Erstellen Sie Ihr Profil","logodescription":"Beginnen Sie mit der Erstellung Ihres Profils. Laden Sie Ihr Foto, Ihre Kontaktinformationen und Ihre Social-Media-Links hoch, um eine einzigartige digitale Visitenkarte zu erstellen, die auff\u00e4llt und Ihre Networking-M\u00f6glichkeiten verbessert."},{"logo":329,"logotitle":"Karte aktivieren","logodescription":"Aktivieren Sie Ihre Tapect-Karte ganz einfach, indem Sie den QR-Code scannen und ihn mit Ihrem Profil verkn\u00fcpfen, um ihn mit Ihrem Netzwerk zu teilen. So k\u00f6nnen Sie jederzeit mit Kunden und Partnern in Kontakt treten."}],"buttontitle":"","buttonurl":""},"faq":[{"questions":"1. Wie funktioniert Tapect?","answers":"Jede Tapect-Karte ist mit NFC-Technologie (Near Field Communication) ausgestattet, die ein nahtloses Teilen Ihres digitalen Profils erm\u00f6glicht. Halten Sie die Tapect-Karte einfach in die N\u00e4he eines kompatiblen Ger\u00e4ts und das Ger\u00e4t wird sofort aufgefordert, Ihr digitales Kontaktprofil zu \u00f6ffnen. Von dort aus kann der Empf\u00e4nger alle Ihre Kontaktdaten mit nur einem Klick anzeigen und speichern. Dies ist eine schnelle, moderne und umweltfreundliche M\u00f6glichkeit, Informationen auszutauschen \u2013 keine Apps oder zus\u00e4tzlichen Schritte erforderlich."},{"questions":"2. Wie lange dauert es, bis ich eine Tapect-Karte erhalte?","answers":"Nachdem Sie Ihr Design best\u00e4tigt und Ihre Bestellung aufgegeben haben, bearbeiten und versenden wir Ihre Tapect-Karte innerhalb von 14 Tagen. Wir sorgen f\u00fcr schnelle Bearbeitungszeiten, sodass Sie im Handumdrehen mit dem Networking beginnen k\u00f6nnen!"},{"questions":"3. Brauche ich eine App?","answers":"Nein, Sie brauchen keine App! Alles, was Sie brauchen, ist eine stabile Internetverbindung, um das digitale Kontaktprofil einer Person anzuzeigen und zu speichern. Es ist einfach, unkompliziert und funktioniert nahtlos mit nur einem Fingertipp und Scannen."},{"questions":"4. Funktioniert es mit allen Telefonen?","answers":"Ja! Bei den meisten Telefonen, die in den letzten 4\u20135 Jahren gebaut wurden, ist NFC standardm\u00e4\u00dfig aktiviert, sodass Tapect-Karten problemlos verwendet werden k\u00f6nnen. Wenn Sie ein \u00e4lteres Telefon verwenden, m\u00fcssen Sie NFC m\u00f6glicherweise manuell in den Einstellungen aktivieren. Bei Telefonen, die \u00e4lter als 9 Jahre sind, k\u00f6nnen Sie immer noch auf digitale Profile zugreifen, indem Sie einfach den QR-Code scannen. So ist sichergestellt, dass Tapect f\u00fcr alle funktioniert!"},{"questions":"5. Was passiert, wenn ich meine Karte verliere?","answers":"Wenn Sie Ihre Tapect-Karte verlieren, machen Sie sich keine Sorgen! Kontaktieren Sie einfach unser Support-Team und wir deaktivieren Ihre alte Karte umgehend und veranlassen, dass Ihnen so schnell wie m\u00f6glich eine Ersatzkarte zugeschickt wird. Wir sorgen daf\u00fcr, dass Ihr Networking nie unterbrochen wird!"},{"questions":"6. Welche Vorteile bietet die Verwendung digitaler Visitenkarten?","answers":"Digitale Visitenkarten bieten zahlreiche Vorteile, die Ihr Networking-Erlebnis verbessern. Sie steigern Ihre Online-Pr\u00e4senz und machen es potenziellen Kunden und Kontakten leicht, Sie sofort zu finden und mit Ihnen in Kontakt zu treten. Mit direkten Links zu Ihrer Website und Ihren Social-Media-Profilen k\u00f6nnen Sie m\u00fchelos den Verkehr steigern und das Engagement erh\u00f6hen. Im Gegensatz zu herk\u00f6mmlichen Karten vermeiden digitale Visitenkarten Druckkosten und Abfall und sind daher eine umweltfreundlichere Wahl. Au\u00dferdem k\u00f6nnen Sie Ihre Kontaktinformationen in Echtzeit aktualisieren und so sicherstellen, dass Ihre Daten immer aktuell sind. Kurz gesagt sind digitale Visitenkarten ein kosteng\u00fcnstiges, nachhaltiges und hocheffizientes Tool f\u00fcr moderne Fachleute, die dauerhafte Verbindungen kn\u00fcpfen m\u00f6chten."},{"questions":"7. Was ist, wenn ich meine Karte nicht selbst gestalten kann?","answers":"Keine Sorge! Wenn Sie Ihre Tapect-Karte nicht gestalten k\u00f6nnen oder unseren Customizer nicht verwenden m\u00f6chten, sind Sie bei uns richtig. Unser hauseigenes Expertenteam ist hier, um Ihre Vision und Marke zum Leben zu erwecken. Wenden Sie sich einfach an unser Vertriebsteam und wir arbeiten mit Ihnen zusammen, um eine beeindruckende, personalisierte digitale Karte zu erstellen, die Ihren einzigartigen Stil und Ihre Gesch\u00e4ftsidentit\u00e4t widerspiegelt. \u00dcberlassen Sie uns das Design, w\u00e4hrend Sie sich darauf konzentrieren, Kontakte zu kn\u00fcpfen!"},{"questions":"8. Wie gestalte ich meine Karte?","answers":"Das Gestalten Ihrer Tapect-Karte ist ganz einfach! Klicken Sie einfach auf die Schaltfl\u00e4che \u201eAnpassen\u201c, wo Sie entweder Ihr eigenes Design hochladen oder aus unseren professionell gestalteten Vorlagen w\u00e4hlen k\u00f6nnen. Sobald Ihr Design fertig ist, \u00fcberpr\u00fcfen wir es und senden Ihre Karten zum Drucken. Ihre individuellen Karten werden innerhalb von 14 Werktagen direkt an Ihre Haust\u00fcr geliefert, damit Sie mit dem Netzwerken mit Stil beginnen k\u00f6nnen!"}]},"_links":{"self":[{"href":"https:\/\/cms-api.tapect.io\/de\/wp-json\/wp\/v2\/pages\/258","targetHints":{"allow":["GET"]}}],"collection":[{"href":"https:\/\/cms-api.tapect.io\/de\/wp-json\/wp\/v2\/pages"}],"about":[{"href":"https:\/\/cms-api.tapect.io\/de\/wp-json\/wp\/v2\/types\/page"}],"author":[{"embeddable":true,"href":"https:\/\/cms-api.tapect.io\/de\/wp-json\/wp\/v2\/users\/4"}],"replies":[{"embeddable":true,"href":"https:\/\/cms-api.tapect.io\/de\/wp-json\/wp\/v2\/comments?post=258"}],"version-history":[{"count":5,"href":"https:\/\/cms-api.tapect.io\/de\/wp-json\/wp\/v2\/pages\/258\/revisions"}],"predecessor-version":[{"id":500,"href":"https:\/\/cms-api.tapect.io\/de\/wp-json\/wp\/v2\/pages\/258\/revisions\/500"}],"wp:attachment":[{"href":"https:\/\/cms-api.tapect.io\/de\/wp-json\/wp\/v2\/media?parent=258"}],"curies":[{"name":"wp","href":"https:\/\/api.w.org\/{rel}","templated":true}]}}