{"id":260,"date":"2025-12-18T12:58:26","date_gmt":"2025-12-18T11:58:26","guid":{"rendered":"https:\/\/cms-api.tapect.io\/de\/?page_id=260"},"modified":"2025-12-26T15:01:35","modified_gmt":"2025-12-26T14:01:35","slug":"home","status":"publish","type":"page","link":"https:\/\/cms-api.tapect.io\/de\/home\/","title":{"rendered":"Home Page"},"content":{"rendered":"","protected":false},"excerpt":{"rendered":"","protected":false},"author":4,"featured_media":0,"parent":0,"menu_order":0,"comment_status":"closed","ping_status":"closed","template":"","meta":{"_acf_changed":false,"inline_featured_image":false,"footnotes":""},"class_list":["post-260","page","type-page","status-publish"],"acf":{"herobanner":{"title":"Upgrade auf die Zukunft des Networking mit","titlehighlight":"digitalen Visitenkarten","description":"","buttontitle":"Jetzt loslegen","buttonurl":"https:\/\/www.tapect.de\/contact","image":341},"features":[{"title":"Ein Fingertipp, endlose M\u00f6glichkeiten, alles zu teilen","description":"Hinterlassen Sie einen bleibenden Eindruck mit Tapect, der digitalen Visitenkarte, die das Networking revolutioniert. Teilen Sie m\u00fchelos Ihre Gesch\u00e4fts- und Kontaktinformationen, Social-Media-Links und mehr mit nur einem Fingertipp. Keine App erforderlich.","buttontitle":"","buttonurl":"","image":343},{"title":"Passen Sie Ihre Karte nach Ihren W\u00fcnschen an","description":"Tapect macht die vollst\u00e4ndige Anpassung von der Karte bis zum Profil ganz einfach. Gestalten Sie Ihre eigene Karte und erleben Sie den ultimativen Markenausdruck. Passen Sie Ihre Tapect-Karte Ihrem Stil und Ihrer Marke an und hinterlassen Sie einen einzigartigen, unvergesslichen Eindruck.","buttontitle":"","buttonurl":"","image":344},{"title":"Die einzige Visitenkarte, die Sie jemals brauchen werden.","description":"Erleben Sie die Zukunft des Networkings mit Tapect. Die einzige Visitenkarte, die Sie jemals brauchen werden \u2013 Innovation, Nachhaltigkeit und Stil. Werden Sie Teil der digitalen Revolution und vernetzen Sie sich wie nie zuvor.","buttontitle":"","buttonurl":"","image":345}],"solutions":{"title_":"Entdecken Sie tapect","titlehighlight":"L\u00f6sungen","description":"Entdecken Sie unser Sortiment an digitalen Visitenkarten aus hochwertigen Materialien wie PVC, Bambusholz und Metall. Optimieren Sie Ihr Networking mit umweltfreundlichen, stilvollen und langlebigen Optionen.","buttontitle":"Weitere Produkte anzeigen","buttonurl":"https:\/\/www.tapect.de\/product#products"},"_seamless_networking":{"title":"Erweiterte Funktionen f\u00fcr","titlehighlight":"Nahtlose Vernetzung","description":"Tapect-Karten bieten erweiterte Funktionen f\u00fcr nahtloses Networking. Dank NFC-Integration und QR-Technologie k\u00f6nnen Sie Ihre Kontaktdaten m\u00fchelos auf allen Ger\u00e4ten teilen. Unsere Karten sind ger\u00e4te\u00fcbergreifend kompatibel, benutzerfreundlich und helfen sogar bei der Lead-Generierung. Damit sind sie das ultimative Tool f\u00fcr den effizienten Ausbau Ihres Netzwerks.","buttontitle":"Erste Schritte","buttonurl":"https:\/\/www.tapect.de\/features","points":[{"image":355,"title":"Integriertes NFC","description":"Unser auf Konvertierung ausgerichteter Ansatz stellt sicher, dass Ihre Marke mit jedem Pixel fesselt und konvertiert."},{"image":356,"title":"QR Technology","description":"Wir bieten Ihnen ein benutzerfreundliches Tool zur Website-Erstellung. Keine Programmierung erforderlich."},{"image":357,"title":"Easy to Use","description":"Definieren Sie jede Arbeitsphase, um zu sehen, was wichtig ist und wo es hakt."},{"image":358,"title":"Cross Compatible","description":"Erleben Sie blitzschnelle Geschwindigkeit und nahtloses Design ohne Kompromisse."},{"image":359,"title":"Lead-Generierung","description":"Definieren Sie jede Arbeitsphase, um zu sehen, was wichtig ist und wo es hakt."}]},"seamless_ordering_experience":{"title":"Reibungsloses Bestellerlebnis","description":"Mit den Konzepten in der Hand entwerfen wir sorgf\u00e4ltig und verfeinern jedes Detail, um es an Ihre Vision und Ziele anzupassen.","logoswithdescription":[{"logo":360,"logotitle":"Get Card","logodescription":"W\u00e4hlen Sie die gew\u00fcnschte Kartenmenge aus, legen Sie sie in den Warenkorb und schlie\u00dfen Sie den Bestellvorgang ab. Nach der Bestellung erhalten Sie eine Best\u00e4tigungs-E-Mail und k\u00f6nnen ganz einfach Ihr Tapect-Konto f\u00fcr einen reibungslosen Onboarding-Prozess einrichten!"},{"logo":361,"logotitle":"Erstellen Sie Ihr Profil","logodescription":"Beginnen Sie mit der Erstellung Ihres Profils \u2013 laden Sie Ihr Foto, Ihre Kontaktdaten und Social-Media-Links hoch, um eine personalisierte digitale Visitenkarte zu erstellen, die auff\u00e4llt und die Vernetzung erleichtert."},{"logo":362,"logotitle":"Karte aktivieren","logodescription":"Aktivieren Sie Ihre Tapect-Karte, indem Sie einfach den QR-Code scannen, ihn mit Ihrem Profil verkn\u00fcpfen und ihn sofort f\u00fcr die Freigabe an Ihr Netzwerk bereit machen."}],"buttontitle":"","buttonurl":""},"whyyoushouldswitch":[{"title":"Was ist eine digitale Visitenkarte?","description":"Digitale Visitenkarten sind die moderne M\u00f6glichkeit f\u00fcr Gesch\u00e4ftsleute, Kontaktdaten auszutauschen. Sie lassen sich einfach anpassen und \u00fcber QR-Codes oder Links teilen und \u00f6ffnen sich sofort im Smartphone-Browser. Tapect bietet eine nahtlose M\u00f6glichkeit, digitale Visitenkarten zu erstellen und zu teilen. Das f\u00f6rdert die Nachhaltigkeit durch reduzierten Papierverbrauch und schont B\u00e4ume.\r\n\r\n&nbsp;","buttontitle":"Jetzt loslegen","buttonurl":"https:\/\/www.tapect.de\/features","image":363},{"title":"Warum sollten Sie auf eine digitale Visitenkarte umsteigen?","description":"Der erste Eindruck z\u00e4hlt: Mehr als 90 % der Menschen beurteilen eine Person oder ein Unternehmen anhand des ersten Eindrucks. Mit den digitalen Visitenkarten von Tapect hinterlassen Sie einen herausragenden Eindruck. Sie speichern Ihre Kontaktinformationen sicher und erm\u00f6glichen den sofortigen Austausch. Tapect dient zudem als intelligente Kontaktmanagement-Plattform und organisiert neue Kontakte sofort \u00fcber eine benutzerfreundliche mobile App und ein Dashboard.","buttontitle":"","buttonurl":"","image":364}],"faq_":[{"questions":"Was ist eine digitale Visitenkarte?","answers":"Eine digitale Visitenkarte ist eine moderne, umweltfreundliche Alternative zu herk\u00f6mmlichen Papierkarten und perfekt f\u00fcr das digitale Zeitalter. Stellen Sie sie sich als virtuelle Karte oder Mini-Website vor, die Sie m\u00fchelos per E-Mail, \u00fcber soziale Medien, NFC oder QR-Codes teilen k\u00f6nnen. Sie enth\u00e4lt alle wichtigen Kontaktdaten \u2013 Name, Position und Unternehmen \u2013 und bietet gleichzeitig die Flexibilit\u00e4t, interaktive Elemente wie Website-Links, Social-Media-Profile und Multimedia-Inhalte einzubinden. Digitale Visitenkarten sind nicht nur nachhaltig und kosteng\u00fcnstig, sondern auch leicht anpassbar und damit ein unverzichtbares Werkzeug f\u00fcr modernes Networking."},{"questions":"Welche Technologie verwendet Tapect?","answers":"Eine digitale NFC-Visitenkarte (Near Field Communication) ist die moderne und innovative M\u00f6glichkeit, Ihre Kontaktdaten zu teilen und traditionelle Papierkarten hinter sich zu lassen. Diese digitalen Karten enthalten einen kleinen Chip, der NFC-Technologie nutzt. Wenn jemand mit einem NFC-f\u00e4higen Ger\u00e4t Ihre Karte ber\u00fchrt, werden alle wichtigen Daten \u2013 wie Name, Unternehmen, Telefonnummer und E-Mail-Adresse \u2013 direkt auf das Ger\u00e4t \u00fcbertragen. Und das Beste daran: Anstatt Kontaktdaten m\u00fchsam manuell einzugeben, k\u00f6nnen Sie alles mit nur einem Klick speichern. Das macht das Networking oder Treffen mit potenziellen Kunden und Gesch\u00e4ftspartnern reibungsloser und eindrucksvoller. Verzichten Sie beim n\u00e4chsten Networking auf die alten Papiervisitenkarten und entscheiden Sie sich stattdessen f\u00fcr eine digitale NFC-Visitenkarte. So hinterlassen Sie einen bleibenden Eindruck."},{"questions":"Welche Vorteile bieten digitale Visitenkarten?","answers":"Digitale Visitenkarten bieten Unternehmen in der heutigen digitalen Welt zahlreiche Vorteile. Ein gro\u00dfer Vorteil ist die verbesserte Online-Sichtbarkeit, da diese Karten m\u00fchelos online geteilt und abgerufen werden k\u00f6nnen. So k\u00f6nnen potenzielle Kunden Ihr Unternehmen leichter entdecken und mit ihm in Kontakt treten. Sie erm\u00f6glichen au\u00dferdem die individuelle Gestaltung mit Multimedia-Inhalten wie Website- und Social-Media-Links. Dies steigert den Traffic auf Ihren Online-Plattformen, schafft Glaubw\u00fcrdigkeit und baut Vertrauen bei potenziellen Kunden auf. Die Nutzung digitaler Visitenkarten ist eine kosteng\u00fcnstige Strategie, um die Online-Pr\u00e4senz Ihres Unternehmens zu st\u00e4rken, den Website-Traffic zu erh\u00f6hen und letztendlich das Umsatzwachstum zu steigern."},{"questions":"Ben\u00f6tigt die andere Person eine App, um meine Informationen zu erhalten?","answers":"Nein, der Empf\u00e4nger ben\u00f6tigt KEINE App oder ein Tapect-Produkt, um Ihre Informationen zu erhalten. Das Teilen einer digitalen Visitenkarte mit Tapect ist einfach und unkompliziert \u2013 nutzen Sie einfach einen QR-Code, einen Link oder ein NFC-Produkt. Die Karte \u00f6ffnet sich in jedem g\u00e4ngigen Webbrowser und ist somit f\u00fcr jeden Smartphone-Besitzer zug\u00e4nglich."},{"questions":"Wie lange dauert es, bis ich eine Tapect-Karte erhalte?","answers":"Nachdem Sie Ihr Design best\u00e4tigt und Ihre Bestellung aufgegeben haben, wird diese innerhalb von 10\u201314 Tagen bearbeitet und versendet."}]},"_links":{"self":[{"href":"https:\/\/cms-api.tapect.io\/de\/wp-json\/wp\/v2\/pages\/260","targetHints":{"allow":["GET"]}}],"collection":[{"href":"https:\/\/cms-api.tapect.io\/de\/wp-json\/wp\/v2\/pages"}],"about":[{"href":"https:\/\/cms-api.tapect.io\/de\/wp-json\/wp\/v2\/types\/page"}],"author":[{"embeddable":true,"href":"https:\/\/cms-api.tapect.io\/de\/wp-json\/wp\/v2\/users\/4"}],"replies":[{"embeddable":true,"href":"https:\/\/cms-api.tapect.io\/de\/wp-json\/wp\/v2\/comments?post=260"}],"version-history":[{"count":4,"href":"https:\/\/cms-api.tapect.io\/de\/wp-json\/wp\/v2\/pages\/260\/revisions"}],"predecessor-version":[{"id":560,"href":"https:\/\/cms-api.tapect.io\/de\/wp-json\/wp\/v2\/pages\/260\/revisions\/560"}],"wp:attachment":[{"href":"https:\/\/cms-api.tapect.io\/de\/wp-json\/wp\/v2\/media?parent=260"}],"curies":[{"name":"wp","href":"https:\/\/api.w.org\/{rel}","templated":true}]}}