{"id":273,"date":"2025-12-18T13:00:30","date_gmt":"2025-12-18T12:00:30","guid":{"rendered":"https:\/\/cms-api.tapect.io\/de\/?page_id=273"},"modified":"2025-12-26T15:13:19","modified_gmt":"2025-12-26T14:13:19","slug":"teams-business","status":"publish","type":"page","link":"https:\/\/cms-api.tapect.io\/de\/teams-business\/","title":{"rendered":"Teams And Business"},"content":{"rendered":"","protected":false},"excerpt":{"rendered":"","protected":false},"author":4,"featured_media":0,"parent":0,"menu_order":0,"comment_status":"closed","ping_status":"closed","template":"","meta":{"_acf_changed":false,"inline_featured_image":false,"footnotes":""},"class_list":["post-273","page","type-page","status-publish"],"acf":{"herobanner":{"title":"Upgrade auf die Zukunft des Networking mit","titlehighlight":"digitalen Visitenkarten","description":"Treten Sie mit den digitalen Visitenkarten von Tapect in die Zukunft des Networkings ein. Geben Sie Kontaktdaten sofort weiter, reduzieren Sie Papierm\u00fcll und genie\u00dfen Sie nahtlose, umweltfreundliche Verbindungen mit nur einem Fingertipp.","buttontitle":"Legen Sie Jetzt Los","buttonurl":"https:\/\/www.tapect.de\/product","image":381},"tabs":[{"title":"Kosteneinsparungen","description":"Schluss mit dem Nachdrucken von Papierkarten. Unsere digitalen Visitenkarten sind auf jahrelange Haltbarkeit ausgelegt und bieten eine nachhaltige und langlebige L\u00f6sung.","image":382},{"title":"Benutzerfreundliches Dashboard","description":"Genie\u00dfen Sie die nahtlose Benutzerfreundlichkeit unserer App, die fachm\u00e4nnisch f\u00fcr Einfachheit und Effizienz auf Mobil- und Desktop-Plattformen entwickelt wurde.","image":383},{"title":"Innovatives Branding","description":"Pr\u00e4sentieren Sie potenziellen Kunden ein modernes, technisch versiertes Markenimage, das den Innovationsgeist Ihres Teams vor Augen f\u00fchrt und einen bleibenden Eindruck hinterl\u00e4sst.","image":384}],"contentwithimage":[{"title":"Digitale Visitenkarten f\u00fcr Ihr gesamtes Team","description":"Erm\u00f6glichen Sie Ihrem Team, mit unseren dynamischen, anpassbaren Vorlagen und fortschrittlichen NFC-Visitenkarten einen bleibenden Eindruck zu hinterlassen. Heben Sie Ihre Marke mit vollst\u00e4ndig gebrandeten Profilen hervor, die mit Pr\u00e4zision unter Verwendung unserer benutzerdefinierten Vorlagen f\u00fcr eine stilvolle Einf\u00fchrung erstellt wurden. Erfinden Sie das Networking mit Tapect neu \u2013 mit nur einem Fingertipp wird Ihr digitales Profil geteilt, sodass Sie noch lange nach dem H\u00e4ndedruck in Erinnerung bleiben. Unsere NFC-Visitenkarten setzen den Goldstandard f\u00fcr moderne professionelle Kontakte.","image":385},{"title":"Optimieren Sie die B2B-Lead-Generierung","description":"\u00dcberholen Sie die Konkurrenz, indem Sie 3x mehr Leads erfassen als der Branchenstandard und jeden Profilbesuch in eine potenzielle Verbindung umwandeln. Nutzen Sie unser Lead-Capture-Formular, um Ihr Profil nahtlos zu teilen und zuzusehen, wie Leads hereinstr\u00f6men, verbessert durch schnelles automatisches Ausf\u00fcllen f\u00fcr maximale Effizienz. Digitalisieren Sie Visitenkarten aus Papier sofort mit unserem KI-gest\u00fctzten Visitenkartenscanner und verwandeln Sie sie in wertvolle digitale Verbindungen. Bleiben Sie mit automatisierten Follow-ups an der Spitze \u2013 Tapect stellt sicher, dass Ihre Daten direkt per E-Mail an Leads gesendet werden, wodurch Ihre Antwortrate erh\u00f6ht und mehr Gesch\u00e4fte abgeschlossen werden.","image":386},{"title":"Integrations-CRM","description":"Entfesseln Sie die Leistungsf\u00e4higkeit optimierter CRM-Integrationen mit Tapect. Integrieren Sie jede neue Verbindung nahtlos in Ihren Vertriebstrichter und synchronisieren Sie sie m\u00fchelos mit f\u00fchrenden CRM-Tools wie Salesforce, HubSpot, Microsoft und Pipedrive. Unsere Plattform bietet teamf\u00e4hige L\u00f6sungen, mit denen Sie die von Ihrem Team gesammelten Leads zentralisieren und \u00fcberwachen k\u00f6nnen, mit Echtzeitdaten zu Lead-Eigent\u00fcmerschaft, Standorten und Keynotes. Erleben Sie nahtlose Konnektivit\u00e4t und verbessertes Lead-Management mit Tapect.","image":387},{"title":"Hallo Nachhaltigkeit!","description":"Sie m\u00fcssen nicht mehr Tausende von Papierkarten bestellen. Mit Tapect hat eine digitale Karte eine enorme Wirkung. F\u00fcr jedes gekaufte Produkt pflanzen wir einen Baum und tragen so zur weltweiten Wiederaufforstung und Nachhaltigkeit bei. Verabschieden Sie sich von Nachdrucken und Abfall \u2013 aktualisieren Sie Ihre Informationen digital, jederzeit und \u00fcberall. Gestalten Sie mit uns eine gr\u00fcnere Zukunft!","image":388}],"team&buisnessform":{"title":"Bereit mit Tapect Teams loszulegen?","description":"Steigern Sie Ihr Gesch\u00e4ft: Zentralisieren Sie Leads, erhalten Sie Preise, erkunden Sie Team-Anwendungsf\u00e4lle und lernen Sie, Ihr Networking effektiv zu managen. Kontaktieren Sie noch heute den Vertrieb!","buttontitle":"Get Started Now","buttonurl":"https:\/\/www.tapect.de\/Icons\/ButtonIconWhite.svg"},"contentwithimage2":[{"title":"Ma\u00dfgeschneidert f\u00fcr Ihre Marke","description":"Ihre Visitenkarte spiegelt Ihre Identit\u00e4t wider. Heben Sie sich ab und hinterlassen Sie einen bleibenden Eindruck mit der schnellsten und effektivsten Methode, Ihre Kontaktdaten zu teilen. Unsere innovative L\u00f6sung sorgt daf\u00fcr, dass Sie bei jedem, dem Sie begegnen, einen bleibenden Eindruck hinterlassen und Ihre Professionalit\u00e4t und Liebe zum Detail unter Beweis stellen.","image":395},{"title":"Universelle Scanl\u00f6sung","description":"Wandeln Sie m\u00fchelos jedes Veranstaltungsabzeichen, jede Visitenkarte oder jeden QR-Code mit unserem erstklassigen, KI-gest\u00fctzten Universalscanner in einen digitalen Kontakt um. Profitieren Sie von unbegrenzten Scans f\u00fcr jedes Mitglied und verpassen Sie keine Gelegenheit zum Aufbau Ihres digitalen Netzwerks. Erleben Sie nahtlose Integration und h\u00f6chste Effizienz mit unserer fortschrittlichen Scantechnologie.","image":396}],"1platform":{"pertitle":"Warum wir die Nr. F\u00fcr Teams","description":"Unsere L\u00f6sung bietet nahtlose Zusammenarbeit, robuste Integration und un\u00fcbertroffene Skalierbarkeit, um die Anforderungen Ihres Teams zu erf\u00fcllen. Mit erweiterten Funktionen und herausragendem Support erm\u00f6glichen wir Teams effizienteres Arbeiten und bessere Ergebnisse. Erleben Sie, warum wir die erste Wahl f\u00fcr Teams sind.","buttontitle":"Legen Sie Jetzt Los","buttonurl":"https:\/\/www.tapect.de\/product","image":561},"contentwithimage3":[{"title":"Netzwerken Sie mit Absicht","description":"Bei Tapect haben wir uns der Vereinfachung der Vernetzung verschrieben und setzen uns gleichzeitig f\u00fcr Nachhaltigkeit ein. F\u00fcr jedes verkaufte Produkt pflanzen wir einen Baum und tragen so zu einem gr\u00fcneren Planeten bei. Bauen Sie mit uns eine umweltfreundlichere Zukunft auf \u2013 Verbindung f\u00fcr Verbindung!","image":400,"buttontitle":"Legan Sie jettzt los","buttonurl":"https:\/\/www.tapect.de\/product"}],"faq":[{"questions":"Was ist Tapect f\u00fcr Teams & Business?","answers":"Tapec f\u00fcr Teams &amp; Business bietet ein robustes Admin-Dashboard, mit dem Unternehmen: - Digitale Visitenkarten von einer zentralen Plattform aus entwerfen und mit ihrem Branding versehen - Berechtigungen verwalten und Regeln festlegen - Lead-Generierung optimieren - Netzwerkaktivit\u00e4ten \u00fcberwachen und analysieren - Nahtlose Integration mit Active Directory- und CRM-Systemen"},{"questions":"2.Kann ich den Bearbeitungszugriff meiner Mitarbeiter einschr\u00e4nken?","answers":"Ja, Sie haben Zugriff auf eine zentrale Plattform, auf der Sie alle Mitarbeiterinformationen verwalten k\u00f6nnen. \u00dcber diese Plattform k\u00f6nnen Sie Bearbeitungsberechtigungen steuern und Karten f\u00fcr Mitarbeiter deaktivieren, die das Unternehmen verlassen."},{"questions":"3.Was passiert, wenn jemand mein Team verl\u00e4sst?","answers":"Absolut. Wenn ein Teammitglied das Team verl\u00e4sst, k\u00f6nnen Administratoren \u00fcber unser Dashboard dessen digitale Karte deaktivieren und einem neuen Mitarbeiter zuweisen. Die digitale Karte kann nach Bedarf neu zugewiesen oder entfernt werden. Alle vom deaktivierten Mitglied erfassten Leads bleiben f\u00fcr Administratoren \u00fcber die Registerkarte \u201eLeads\u201c zug\u00e4nglich."},{"questions":"4.Wie sichern Sie unsere Daten?","answers":"Bei Tapect hat Datenschutz h\u00f6chste Priorit\u00e4t. Wir setzen robuste Sicherheitsma\u00dfnahmen ein, darunter die ISO27001-Zertifizierung \u2013 den h\u00f6chsten Standard f\u00fcr Informationssicherheit. Ihre Daten sind immer verschl\u00fcsselt und werden regelm\u00e4\u00dfig gesichert. Dar\u00fcber hinaus verwenden wir die Zwei-Faktor-Authentifizierung (TFA), um sicherzustellen, dass nur autorisiertes Personal auf Ihre Informationen zugreifen kann."},{"questions":"5. Wie hoch ist Ihre Mindestbestellmenge (MOQ)?","answers":"Bestellen Sie bereits ab einer Karte direkt \u00fcber unsere Website. F\u00fcr praktische Unterst\u00fctzung, einschlie\u00dflich Onboarding- und Designhilfe, betr\u00e4gt die Mindestbestellmenge 50 Karten. Unser Team ist f\u00fcr Sie da, unabh\u00e4ngig von der Gr\u00f6\u00dfe Ihres Unternehmens!"},{"questions":"6. Kann Tapect Unternehmen mit \u00fcber 10.000 Mitarbeitern unterst\u00fctzen?","answers":"Ja, Tapect unterst\u00fctzt einige der weltweit gr\u00f6\u00dften Marken und kann Dashboards f\u00fcr Tausende von Mitarbeitern verwalten. Es gibt keine Begrenzung f\u00fcr die Anzahl der Profile, die Sie verwalten k\u00f6nnen. Unsere Active Directory-Integration vereinfacht Onboarding und Profilaktualisierungen und sorgt f\u00fcr einen reibungslosen Ablauf."},{"questions":"7. Kann ich das Tapect-Branding aus meinem Profil entfernen?","answers":"Ja, Tapect bietet Markenanpassung mit seinen PRO- und Business-Pl\u00e4nen. Sie k\u00f6nnen sowohl Ihre digitale Visitenkarte als auch Ihr App-Erlebnis personalisieren, um es an Ihre einzigartige Markenidentit\u00e4t anzupassen."},{"questions":"8. Welchen Support bietet Tapect For Teams & Business?","answers":"Tapect For Business bietet 24\/7-Support, inklusive kostenloser Einrichtung und Onboarding. Wir stellen unbegrenzt digitale Visitenkarten und intelligente Produkte zur Verf\u00fcgung, damit Ihr Team mitw\u00e4chst. Unser engagiertes Support-Team steht Ihnen bei Fragen und Problemen jederzeit zur Verf\u00fcgung."}]},"_links":{"self":[{"href":"https:\/\/cms-api.tapect.io\/de\/wp-json\/wp\/v2\/pages\/273","targetHints":{"allow":["GET"]}}],"collection":[{"href":"https:\/\/cms-api.tapect.io\/de\/wp-json\/wp\/v2\/pages"}],"about":[{"href":"https:\/\/cms-api.tapect.io\/de\/wp-json\/wp\/v2\/types\/page"}],"author":[{"embeddable":true,"href":"https:\/\/cms-api.tapect.io\/de\/wp-json\/wp\/v2\/users\/4"}],"replies":[{"embeddable":true,"href":"https:\/\/cms-api.tapect.io\/de\/wp-json\/wp\/v2\/comments?post=273"}],"version-history":[{"count":11,"href":"https:\/\/cms-api.tapect.io\/de\/wp-json\/wp\/v2\/pages\/273\/revisions"}],"predecessor-version":[{"id":569,"href":"https:\/\/cms-api.tapect.io\/de\/wp-json\/wp\/v2\/pages\/273\/revisions\/569"}],"wp:attachment":[{"href":"https:\/\/cms-api.tapect.io\/de\/wp-json\/wp\/v2\/media?parent=273"}],"curies":[{"name":"wp","href":"https:\/\/api.w.org\/{rel}","templated":true}]}}